{"id":412,"date":"2024-06-05T06:34:12","date_gmt":"2024-06-05T06:34:12","guid":{"rendered":"https:\/\/www.montajesatom.com\/?page_id=412"},"modified":"2024-06-05T06:34:13","modified_gmt":"2024-06-05T06:34:13","slug":"aviso-legal","status":"publish","type":"page","link":"https:\/\/www.montajesatom.com\/?page_id=412","title":{"rendered":"Aviso Legal"},"content":{"rendered":"\n<p><strong>1. Informaci\u00f3n General<\/strong> De acuerdo con lo establecido en la Ley 34\/2002 de Servicios de la Sociedad de la Informaci\u00f3n y del Comercio Electr\u00f3nico, se informa que este sitio web es propiedad de Montajes Industriales ATOM SL, con domicilio en Calle Vallejohondo, 4, 02611 Ossa de Montiel, Albacete, Espa\u00f1a.<\/p>\n\n\n\n<p><strong>2. Contacto<\/strong> Para cualquier consulta, los usuarios pueden ponerse en contacto con la Empresa a trav\u00e9s del correo electr\u00f3nico [email de contacto], por tel\u00e9fono en el n\u00famero [n\u00famero de tel\u00e9fono], o por correo postal en la direcci\u00f3n mencionada anteriormente.<\/p>\n\n\n\n<p><strong>3. Uso del Sitio Web<\/strong> El acceso y uso del sitio web atribuye la condici\u00f3n de usuario e implica la aceptaci\u00f3n de todas las condiciones incluidas en este Aviso Legal.<\/p>\n\n\n\n<p><strong>4. Legislaci\u00f3n Aplicable<\/strong> Este Aviso Legal se rige por la legislaci\u00f3n espa\u00f1ola.<\/p>\n","protected":false},"excerpt":{"rendered":"<p>1. Informaci\u00f3n General De acuerdo con lo establecido en la Ley 34\/2002 de Servicios de la Sociedad de la Informaci\u00f3n y del Comercio Electr\u00f3nico, se informa que este sitio web es propiedad de Montajes Industriales ATOM SL, con domicilio en Calle Vallejohondo, 4, 02611 Ossa de Montiel, Albacete, Espa\u00f1a. 2. Contacto Para cualquier consulta, los usuarios pueden ponerse en contacto con la Empresa a trav\u00e9s del correo electr\u00f3nico [email de[&hellip;]<\/p>\n","protected":false},"author":4,"featured_media":0,"parent":0,"menu_order":0,"comment_status":"closed","ping_status":"closed","template":"","meta":{"_acf_changed":false,"footnotes":""},"class_list":["post-412","page","type-page","status-publish","hentry"],"acf":[],"yoast_head":"<!-- This site is optimized with the Yoast SEO plugin v27.5 - https:\/\/yoast.com\/product\/yoast-seo-wordpress\/ -->\n<title>Aviso Legal - Montajes Industriales Atom<\/title>\n<meta name=\"robots\" content=\"index, follow, max-snippet:-1, max-image-preview:large, max-video-preview:-1\" \/>\n<link rel=\"canonical\" href=\"https:\/\/www.montajesatom.com\/?page_id=412\" \/>\n<meta property=\"og:locale\" content=\"es_ES\" \/>\n<meta property=\"og:type\" content=\"article\" \/>\n<meta property=\"og:title\" content=\"Aviso Legal - Montajes Industriales Atom\" \/>\n<meta property=\"og:description\" content=\"1. Informaci\u00f3n General De acuerdo con lo establecido en la Ley 34\/2002 de Servicios de la Sociedad de la Informaci\u00f3n y del Comercio Electr\u00f3nico, se informa que este sitio web es propiedad de Montajes Industriales ATOM SL, con domicilio en Calle Vallejohondo, 4, 02611 Ossa de Montiel, Albacete, Espa\u00f1a. 2. Contacto Para cualquier consulta, los usuarios pueden ponerse en contacto con la Empresa a trav\u00e9s del correo electr\u00f3nico [email de[&hellip;]\" \/>\n<meta property=\"og:url\" content=\"https:\/\/www.montajesatom.com\/?page_id=412\" \/>\n<meta property=\"og:site_name\" content=\"Montajes Industriales Atom\" \/>\n<meta property=\"article:modified_time\" content=\"2024-06-05T06:34:13+00:00\" \/>\n<meta name=\"twitter:card\" content=\"summary_large_image\" \/>\n<meta name=\"twitter:label1\" content=\"Tiempo de lectura\" \/>\n\t<meta name=\"twitter:data1\" content=\"1 minuto\" \/>\n<script type=\"application\/ld+json\" class=\"yoast-schema-graph\">{\"@context\":\"https:\\\/\\\/schema.org\",\"@graph\":[{\"@type\":\"WebPage\",\"@id\":\"https:\\\/\\\/www.montajesatom.com\\\/?page_id=412\",\"url\":\"https:\\\/\\\/www.montajesatom.com\\\/?page_id=412\",\"name\":\"Aviso Legal - Montajes Industriales Atom\",\"isPartOf\":{\"@id\":\"https:\\\/\\\/www.montajesatom.com\\\/#website\"},\"datePublished\":\"2024-06-05T06:34:12+00:00\",\"dateModified\":\"2024-06-05T06:34:13+00:00\",\"breadcrumb\":{\"@id\":\"https:\\\/\\\/www.montajesatom.com\\\/?page_id=412#breadcrumb\"},\"inLanguage\":\"es\",\"potentialAction\":[{\"@type\":\"ReadAction\",\"target\":[\"https:\\\/\\\/www.montajesatom.com\\\/?page_id=412\"]}]},{\"@type\":\"BreadcrumbList\",\"@id\":\"https:\\\/\\\/www.montajesatom.com\\\/?page_id=412#breadcrumb\",\"itemListElement\":[{\"@type\":\"ListItem\",\"position\":1,\"name\":\"Portada\",\"item\":\"https:\\\/\\\/www.montajesatom.com\\\/\"},{\"@type\":\"ListItem\",\"position\":2,\"name\":\"Aviso Legal\"}]},{\"@type\":\"WebSite\",\"@id\":\"https:\\\/\\\/www.montajesatom.com\\\/#website\",\"url\":\"https:\\\/\\\/www.montajesatom.com\\\/\",\"name\":\"Montajes Industriales Atom\",\"description\":\"\",\"potentialAction\":[{\"@type\":\"SearchAction\",\"target\":{\"@type\":\"EntryPoint\",\"urlTemplate\":\"https:\\\/\\\/www.montajesatom.com\\\/?s={search_term_string}\"},\"query-input\":{\"@type\":\"PropertyValueSpecification\",\"valueRequired\":true,\"valueName\":\"search_term_string\"}}],\"inLanguage\":\"es\"}]}<\/script>\n<!-- \/ Yoast SEO plugin. -->","yoast_head_json":{"title":"Aviso Legal - Montajes Industriales Atom","robots":{"index":"index","follow":"follow","max-snippet":"max-snippet:-1","max-image-preview":"max-image-preview:large","max-video-preview":"max-video-preview:-1"},"canonical":"https:\/\/www.montajesatom.com\/?page_id=412","og_locale":"es_ES","og_type":"article","og_title":"Aviso Legal - Montajes Industriales Atom","og_description":"1. Informaci\u00f3n General De acuerdo con lo establecido en la Ley 34\/2002 de Servicios de la Sociedad de la Informaci\u00f3n y del Comercio Electr\u00f3nico, se informa que este sitio web es propiedad de Montajes Industriales ATOM SL, con domicilio en Calle Vallejohondo, 4, 02611 Ossa de Montiel, Albacete, Espa\u00f1a. 2. Contacto Para cualquier consulta, los usuarios pueden ponerse en contacto con la Empresa a trav\u00e9s del correo electr\u00f3nico [email de[&hellip;]","og_url":"https:\/\/www.montajesatom.com\/?page_id=412","og_site_name":"Montajes Industriales Atom","article_modified_time":"2024-06-05T06:34:13+00:00","twitter_card":"summary_large_image","twitter_misc":{"Tiempo de lectura":"1 minuto"},"schema":{"@context":"https:\/\/schema.org","@graph":[{"@type":"WebPage","@id":"https:\/\/www.montajesatom.com\/?page_id=412","url":"https:\/\/www.montajesatom.com\/?page_id=412","name":"Aviso Legal - Montajes Industriales Atom","isPartOf":{"@id":"https:\/\/www.montajesatom.com\/#website"},"datePublished":"2024-06-05T06:34:12+00:00","dateModified":"2024-06-05T06:34:13+00:00","breadcrumb":{"@id":"https:\/\/www.montajesatom.com\/?page_id=412#breadcrumb"},"inLanguage":"es","potentialAction":[{"@type":"ReadAction","target":["https:\/\/www.montajesatom.com\/?page_id=412"]}]},{"@type":"BreadcrumbList","@id":"https:\/\/www.montajesatom.com\/?page_id=412#breadcrumb","itemListElement":[{"@type":"ListItem","position":1,"name":"Portada","item":"https:\/\/www.montajesatom.com\/"},{"@type":"ListItem","position":2,"name":"Aviso Legal"}]},{"@type":"WebSite","@id":"https:\/\/www.montajesatom.com\/#website","url":"https:\/\/www.montajesatom.com\/","name":"Montajes Industriales Atom","description":"","potentialAction":[{"@type":"SearchAction","target":{"@type":"EntryPoint","urlTemplate":"https:\/\/www.montajesatom.com\/?s={search_term_string}"},"query-input":{"@type":"PropertyValueSpecification","valueRequired":true,"valueName":"search_term_string"}}],"inLanguage":"es"}]}},"_links":{"self":[{"href":"https:\/\/www.montajesatom.com\/index.php?rest_route=\/wp\/v2\/pages\/412","targetHints":{"allow":["GET"]}}],"collection":[{"href":"https:\/\/www.montajesatom.com\/index.php?rest_route=\/wp\/v2\/pages"}],"about":[{"href":"https:\/\/www.montajesatom.com\/index.php?rest_route=\/wp\/v2\/types\/page"}],"author":[{"embeddable":true,"href":"https:\/\/www.montajesatom.com\/index.php?rest_route=\/wp\/v2\/users\/4"}],"replies":[{"embeddable":true,"href":"https:\/\/www.montajesatom.com\/index.php?rest_route=%2Fwp%2Fv2%2Fcomments&post=412"}],"version-history":[{"count":1,"href":"https:\/\/www.montajesatom.com\/index.php?rest_route=\/wp\/v2\/pages\/412\/revisions"}],"predecessor-version":[{"id":413,"href":"https:\/\/www.montajesatom.com\/index.php?rest_route=\/wp\/v2\/pages\/412\/revisions\/413"}],"wp:attachment":[{"href":"https:\/\/www.montajesatom.com\/index.php?rest_route=%2Fwp%2Fv2%2Fmedia&parent=412"}],"curies":[{"name":"wp","href":"https:\/\/api.w.org\/{rel}","templated":true}]}}