{"id":88,"date":"2020-07-11T04:17:26","date_gmt":"2020-07-11T04:17:26","guid":{"rendered":"http:\/\/greenly-demo.pbminfotech.com\/elementor-datasite-6\/?page_id=17396"},"modified":"2024-06-04T16:39:41","modified_gmt":"2024-06-04T16:39:41","slug":"quienes-somos","status":"publish","type":"page","link":"https:\/\/www.montajesatom.com\/?page_id=88","title":{"rendered":"Quienes somos"},"content":{"rendered":"\t\t<div data-elementor-type=\"wp-page\" data-elementor-id=\"88\" class=\"elementor elementor-88\">\n\t\t\t\t\t\t<section class=\"elementor-section elementor-top-section elementor-element elementor-element-178add5 cspt-bg-color-yes cspt-elementor-bg-color-white elementor-section-content-middle cspt-col-stretched-left cspt-bg-color-over-image elementor-section-boxed elementor-section-height-default elementor-section-height-default\" data-id=\"178add5\" data-element_type=\"section\" data-e-type=\"section\" data-settings=\"{&quot;background_background&quot;:&quot;classic&quot;}\">\n\t\t\t\t\t\t<div class=\"elementor-container elementor-column-gap-default\">\n\t\t\t\t\t<div class=\"elementor-column elementor-col-50 elementor-top-column elementor-element elementor-element-b40134d cspt-bg-image-over-color\" data-id=\"b40134d\" data-element_type=\"column\" data-e-type=\"column\" data-settings=\"{&quot;background_background&quot;:&quot;classic&quot;}\">\n\t\t\t<div class=\"elementor-widget-wrap elementor-element-populated\">\n\t\t\t\t\t\t<div class=\"elementor-element elementor-element-35586f2 elementor-widget elementor-widget-video\" data-id=\"35586f2\" data-element_type=\"widget\" data-e-type=\"widget\" data-settings=\"{&quot;youtube_url&quot;:&quot;http:\\\/\\\/www.youtube.com\\\/v\\\/Z5q7OdHMRWU?hl=es&amp;fs=1&quot;,&quot;video_type&quot;:&quot;youtube&quot;,&quot;controls&quot;:&quot;yes&quot;}\" data-widget_type=\"video.default\">\n\t\t\t\t<div class=\"elementor-widget-container\">\n\t\t\t\t\t\t\t<div class=\"elementor-wrapper elementor-open-inline\">\n\t\t\t<div class=\"elementor-video\"><\/div>\t\t<\/div>\n\t\t\t\t\t\t<\/div>\n\t\t\t\t<\/div>\n\t\t\t\t<div class=\"elementor-element elementor-element-677846c cspt-btn-color-globalcolor cspt-btn-style-flat cspt-btn-shape-square elementor-widget elementor-widget-button\" data-id=\"677846c\" data-element_type=\"widget\" data-e-type=\"widget\" data-widget_type=\"button.default\">\n\t\t\t\t<div class=\"elementor-widget-container\">\n\t\t\t\t\t\t\t\t\t<div class=\"elementor-button-wrapper\">\n\t\t\t\t\t<a class=\"elementor-button elementor-button-link elementor-size-md\" href=\"\/contacto\">\n\t\t\t\t\t\t<span class=\"elementor-button-content-wrapper\">\n\t\t\t\t\t\t<span class=\"elementor-button-icon\">\n\t\t\t\t<i aria-hidden=\"true\" class=\"fas fa-chevron-right\"><\/i>\t\t\t<\/span>\n\t\t\t\t\t\t\t\t\t<span class=\"elementor-button-text\">\u00bfHablamos? <\/span>\n\t\t\t\t\t<\/span>\n\t\t\t\t\t<\/a>\n\t\t\t\t<\/div>\n\t\t\t\t\t\t\t\t<\/div>\n\t\t\t\t<\/div>\n\t\t\t\t\t<\/div>\n\t\t<\/div>\n\t\t\t\t<div class=\"elementor-column elementor-col-50 elementor-top-column elementor-element elementor-element-ae2d6f0 cspt-bg-color-over-image\" data-id=\"ae2d6f0\" data-element_type=\"column\" data-e-type=\"column\">\n\t\t\t<div class=\"elementor-widget-wrap elementor-element-populated\">\n\t\t\t\t\t\t<div class=\"elementor-element elementor-element-f2e8502 cspt-align-left elementor-widget elementor-widget-cspt_heading\" data-id=\"f2e8502\" data-element_type=\"widget\" data-e-type=\"widget\" data-widget_type=\"cspt_heading.default\">\n\t\t\t\t<div class=\"elementor-widget-container\">\n\t\t\t\t\t\t<div class=\"cspt-heading-subheading left-align cspt-reverse-heading-yes\"><h4 class=\"cspt-element-subtitle\">\r\n\t\t\t\r\n\t\t\t\tMontajes Atom\r\n\t\t\t\r\n\t\t\t<\/h4>\r\n\t\t<h2 class=\"cspt-element-title\">\r\n\t\t\t\r\n\t\t\t\tConf\u00eda en profesionales cualificados\r\n\t\t\t\r\n\t\t\t<\/h2>\r\n\t\t<div class=\"cspt-heading-desc\">ELECTROTEX MOTA, S.L.L. Trabajamos en toda Espa\u00f1a, disponemos de un equipo de profesionales altamente cualificado, con gran  experiencia en nuestro campo, fruto de los a\u00f1os trabajados para aportar a sus clientes todas las soluciones t\u00e9cnicas que necesite.\n<br><br>\nNuestra actividad est\u00e1 orientada a: Montaje, reparaci\u00f3n y mantenimiento de todo tipo de Instalaciones El\u00e9ctricas, estamos al servicio tanto de grandes empresas; constructoras, entidades bancarias y centros comerciales, como de peque\u00f1os y medianos comercios, Instituciones, Centros Sociales y Deportivos, y equipamientos urbanos.\n<br><br>\nNuestra trayectoria a lo largo de los a\u00f1os, avala la profesionalidad y seriedad de nuestros trabajos. Nuestro principal lema es trabajar con calidad para asegurar a nuestros clientes la m\u00e1xima garant\u00eda de servicio.\n<br><br>\nNuestro departamento de I+D ha conseguido sacar al mercado un novedoso sistema de seguimiento solar a un eje capaz de producir un 18 % m\u00e1s de rentabilidad con respecto a placas fijas.\n<br><br>\nEste novedoso sistema se caracteriza por un m\u00ednimo coste de montaje con respecto a otros seguidores, un m\u00ednimo mantenimiento ya que con un solo motor de menos de 3 CV es capaz mover 100 Kw.\n<br><br>\n\nAdem\u00e1s cuenta con las \u00faltimas tecnolog\u00edas en electr\u00f3nica, adaptadas para que el cliente pueda ver su propio rendimiento de su parque desde cualquier sitio a trav\u00e9s de la Web.\n<br><br>\nNuestra m\u00e1s que demostrada experiencia en el montaje de Huertos Solares Fotovoltaicas con m\u00e1s de 20 Mgw construidos llave en mano con distintos tipos de Montaje fijo, seguidor de un eje, seguidores de dos ejes avalan nuestra garant\u00eda.<\/div><\/div>\t\t\t\t<\/div>\n\t\t\t\t<\/div>\n\t\t\t\t\t<\/div>\n\t\t<\/div>\n\t\t\t\t\t<\/div>\n\t\t<\/section>\n\t\t\t\t<\/div>\n\t\t","protected":false},"excerpt":{"rendered":"<p>https:\/\/youtube.com\/watch?v=Z5q7OdHMRWU%3Fhl%3Des%26%23038%3Bfs%3D1 \u00bfHablamos? Montajes Atom Conf\u00eda en profesionales cualificados ELECTROTEX MOTA, S.L.L. Trabajamos en toda Espa\u00f1a, disponemos de un equipo de profesionales altamente cualificado, con gran experiencia en nuestro campo, fruto de los a\u00f1os trabajados para aportar a sus clientes todas las soluciones t\u00e9cnicas que necesite. Nuestra actividad est\u00e1 orientada a: Montaje, reparaci\u00f3n y mantenimiento de todo tipo de Instalaciones El\u00e9ctricas, estamos al servicio tanto de grandes empresas; constructoras, entidades bancarias[&hellip;]<\/p>\n","protected":false},"author":1,"featured_media":0,"parent":0,"menu_order":15,"comment_status":"closed","ping_status":"closed","template":"","meta":{"_acf_changed":false,"footnotes":""},"class_list":["post-88","page","type-page","status-publish","hentry"],"acf":[],"yoast_head":"<!-- This site is optimized with the Yoast SEO plugin v27.6 - https:\/\/yoast.com\/product\/yoast-seo-wordpress\/ -->\n<title>Quienes somos - Montajes Industriales Atom<\/title>\n<meta name=\"robots\" content=\"index, follow, max-snippet:-1, max-image-preview:large, max-video-preview:-1\" \/>\n<link rel=\"canonical\" href=\"https:\/\/www.montajesatom.com\/?page_id=88\" \/>\n<meta property=\"og:locale\" content=\"es_ES\" \/>\n<meta property=\"og:type\" content=\"article\" \/>\n<meta property=\"og:title\" content=\"Quienes somos - Montajes Industriales Atom\" \/>\n<meta property=\"og:description\" content=\"https:\/\/youtube.com\/watch?v=Z5q7OdHMRWU%3Fhl%3Des%26%23038%3Bfs%3D1 \u00bfHablamos? Montajes Atom Conf\u00eda en profesionales cualificados ELECTROTEX MOTA, S.L.L. Trabajamos en toda Espa\u00f1a, disponemos de un equipo de profesionales altamente cualificado, con gran experiencia en nuestro campo, fruto de los a\u00f1os trabajados para aportar a sus clientes todas las soluciones t\u00e9cnicas que necesite. Nuestra actividad est\u00e1 orientada a: Montaje, reparaci\u00f3n y mantenimiento de todo tipo de Instalaciones El\u00e9ctricas, estamos al servicio tanto de grandes empresas; constructoras, entidades bancarias[&hellip;]\" \/>\n<meta property=\"og:url\" content=\"https:\/\/www.montajesatom.com\/?page_id=88\" \/>\n<meta property=\"og:site_name\" content=\"Montajes Industriales Atom\" \/>\n<meta property=\"article:modified_time\" content=\"2024-06-04T16:39:41+00:00\" \/>\n<meta name=\"twitter:card\" content=\"summary_large_image\" \/>\n<script type=\"application\/ld+json\" class=\"yoast-schema-graph\">{\"@context\":\"https:\\\/\\\/schema.org\",\"@graph\":[{\"@type\":\"WebPage\",\"@id\":\"https:\\\/\\\/www.montajesatom.com\\\/?page_id=88\",\"url\":\"https:\\\/\\\/www.montajesatom.com\\\/?page_id=88\",\"name\":\"Quienes somos - Montajes Industriales Atom\",\"isPartOf\":{\"@id\":\"https:\\\/\\\/www.montajesatom.com\\\/#website\"},\"datePublished\":\"2020-07-11T04:17:26+00:00\",\"dateModified\":\"2024-06-04T16:39:41+00:00\",\"breadcrumb\":{\"@id\":\"https:\\\/\\\/www.montajesatom.com\\\/?page_id=88#breadcrumb\"},\"inLanguage\":\"es\",\"potentialAction\":[{\"@type\":\"ReadAction\",\"target\":[\"https:\\\/\\\/www.montajesatom.com\\\/?page_id=88\"]}]},{\"@type\":\"BreadcrumbList\",\"@id\":\"https:\\\/\\\/www.montajesatom.com\\\/?page_id=88#breadcrumb\",\"itemListElement\":[{\"@type\":\"ListItem\",\"position\":1,\"name\":\"Portada\",\"item\":\"https:\\\/\\\/www.montajesatom.com\\\/\"},{\"@type\":\"ListItem\",\"position\":2,\"name\":\"Quienes somos\"}]},{\"@type\":\"WebSite\",\"@id\":\"https:\\\/\\\/www.montajesatom.com\\\/#website\",\"url\":\"https:\\\/\\\/www.montajesatom.com\\\/\",\"name\":\"Montajes Industriales Atom\",\"description\":\"\",\"potentialAction\":[{\"@type\":\"SearchAction\",\"target\":{\"@type\":\"EntryPoint\",\"urlTemplate\":\"https:\\\/\\\/www.montajesatom.com\\\/?s={search_term_string}\"},\"query-input\":{\"@type\":\"PropertyValueSpecification\",\"valueRequired\":true,\"valueName\":\"search_term_string\"}}],\"inLanguage\":\"es\"}]}<\/script>\n<!-- \/ Yoast SEO plugin. -->","yoast_head_json":{"title":"Quienes somos - Montajes Industriales Atom","robots":{"index":"index","follow":"follow","max-snippet":"max-snippet:-1","max-image-preview":"max-image-preview:large","max-video-preview":"max-video-preview:-1"},"canonical":"https:\/\/www.montajesatom.com\/?page_id=88","og_locale":"es_ES","og_type":"article","og_title":"Quienes somos - Montajes Industriales Atom","og_description":"https:\/\/youtube.com\/watch?v=Z5q7OdHMRWU%3Fhl%3Des%26%23038%3Bfs%3D1 \u00bfHablamos? Montajes Atom Conf\u00eda en profesionales cualificados ELECTROTEX MOTA, S.L.L. Trabajamos en toda Espa\u00f1a, disponemos de un equipo de profesionales altamente cualificado, con gran experiencia en nuestro campo, fruto de los a\u00f1os trabajados para aportar a sus clientes todas las soluciones t\u00e9cnicas que necesite. Nuestra actividad est\u00e1 orientada a: Montaje, reparaci\u00f3n y mantenimiento de todo tipo de Instalaciones El\u00e9ctricas, estamos al servicio tanto de grandes empresas; constructoras, entidades bancarias[&hellip;]","og_url":"https:\/\/www.montajesatom.com\/?page_id=88","og_site_name":"Montajes Industriales Atom","article_modified_time":"2024-06-04T16:39:41+00:00","twitter_card":"summary_large_image","schema":{"@context":"https:\/\/schema.org","@graph":[{"@type":"WebPage","@id":"https:\/\/www.montajesatom.com\/?page_id=88","url":"https:\/\/www.montajesatom.com\/?page_id=88","name":"Quienes somos - Montajes Industriales Atom","isPartOf":{"@id":"https:\/\/www.montajesatom.com\/#website"},"datePublished":"2020-07-11T04:17:26+00:00","dateModified":"2024-06-04T16:39:41+00:00","breadcrumb":{"@id":"https:\/\/www.montajesatom.com\/?page_id=88#breadcrumb"},"inLanguage":"es","potentialAction":[{"@type":"ReadAction","target":["https:\/\/www.montajesatom.com\/?page_id=88"]}]},{"@type":"BreadcrumbList","@id":"https:\/\/www.montajesatom.com\/?page_id=88#breadcrumb","itemListElement":[{"@type":"ListItem","position":1,"name":"Portada","item":"https:\/\/www.montajesatom.com\/"},{"@type":"ListItem","position":2,"name":"Quienes somos"}]},{"@type":"WebSite","@id":"https:\/\/www.montajesatom.com\/#website","url":"https:\/\/www.montajesatom.com\/","name":"Montajes Industriales Atom","description":"","potentialAction":[{"@type":"SearchAction","target":{"@type":"EntryPoint","urlTemplate":"https:\/\/www.montajesatom.com\/?s={search_term_string}"},"query-input":{"@type":"PropertyValueSpecification","valueRequired":true,"valueName":"search_term_string"}}],"inLanguage":"es"}]}},"_links":{"self":[{"href":"https:\/\/www.montajesatom.com\/index.php?rest_route=\/wp\/v2\/pages\/88","targetHints":{"allow":["GET"]}}],"collection":[{"href":"https:\/\/www.montajesatom.com\/index.php?rest_route=\/wp\/v2\/pages"}],"about":[{"href":"https:\/\/www.montajesatom.com\/index.php?rest_route=\/wp\/v2\/types\/page"}],"author":[{"embeddable":true,"href":"https:\/\/www.montajesatom.com\/index.php?rest_route=\/wp\/v2\/users\/1"}],"replies":[{"embeddable":true,"href":"https:\/\/www.montajesatom.com\/index.php?rest_route=%2Fwp%2Fv2%2Fcomments&post=88"}],"version-history":[{"count":4,"href":"https:\/\/www.montajesatom.com\/index.php?rest_route=\/wp\/v2\/pages\/88\/revisions"}],"predecessor-version":[{"id":342,"href":"https:\/\/www.montajesatom.com\/index.php?rest_route=\/wp\/v2\/pages\/88\/revisions\/342"}],"wp:attachment":[{"href":"https:\/\/www.montajesatom.com\/index.php?rest_route=%2Fwp%2Fv2%2Fmedia&parent=88"}],"curies":[{"name":"wp","href":"https:\/\/api.w.org\/{rel}","templated":true}]}}